{"id":11041,"date":"2024-05-15T11:11:12","date_gmt":"2024-05-15T09:11:12","guid":{"rendered":"https:\/\/apparts-bleu-soleil-rochefort.fr\/?page_id=11041"},"modified":"2024-05-16T09:28:38","modified_gmt":"2024-05-16T07:28:38","slug":"reserver","status":"publish","type":"page","link":"https:\/\/apparts-bleu-soleil-rochefort.fr\/en\/reserver\/","title":{"rendered":"Book &gt;"},"content":{"rendered":"<div data-elementor-type=\"wp-page\" data-elementor-id=\"11041\" class=\"elementor elementor-11041\" data-elementor-post-type=\"page\">\n\t\t\t\t<div class=\"elementor-element elementor-element-08bc461 e-flex e-con-boxed wpr-particle-no wpr-jarallax-no wpr-parallax-no wpr-sticky-section-no wpr-column-slider-no wpr-equal-height-no e-con e-parent\" data-id=\"08bc461\" data-element_type=\"container\" data-e-type=\"container\" data-settings=\"{&quot;background_background&quot;:&quot;classic&quot;}\">\n\t\t\t\t\t<div class=\"e-con-inner\">\n\t\t<div class=\"elementor-element elementor-element-4287e25 e-con-full e-flex wpr-particle-no wpr-jarallax-no wpr-parallax-no wpr-sticky-section-no wpr-column-slider-no wpr-equal-height-no e-con e-child\" data-id=\"4287e25\" data-element_type=\"container\" data-e-type=\"container\" data-settings=\"{&quot;background_background&quot;:&quot;classic&quot;}\">\n\t\t\t\t<div class=\"elementor-element elementor-element-342b238 elementor-view-default elementor-position-block-start elementor-mobile-position-block-start elementor-widget elementor-widget-icon-box\" data-id=\"342b238\" data-element_type=\"widget\" data-e-type=\"widget\" data-widget_type=\"icon-box.default\">\n\t\t\t\t\t\t\t<div class=\"elementor-icon-box-wrapper\">\n\n\t\t\t\t\t\t<div class=\"elementor-icon-box-icon\">\n\t\t\t\t<span  class=\"elementor-icon\">\n\t\t\t\t<svg aria-hidden=\"true\" class=\"e-font-icon-svg e-fas-mail-bulk\" viewbox=\"0 0 576 512\" xmlns=\"http:\/\/www.w3.org\/2000\/svg\"><path d=\"M160 448c-25.6 0-51.2-22.4-64-32-64-44.8-83.2-60.8-96-70.4V480c0 17.67 14.33 32 32 32h256c17.67 0 32-14.33 32-32V345.6c-12.8 9.6-32 25.6-96 70.4-12.8 9.6-38.4 32-64 32zm128-192H32c-17.67 0-32 14.33-32 32v16c25.6 19.2 22.4 19.2 115.2 86.4 9.6 6.4 28.8 25.6 44.8 25.6s35.2-19.2 44.8-22.4c92.8-67.2 89.6-67.2 115.2-86.4V288c0-17.67-14.33-32-32-32zm256-96H224c-17.67 0-32 14.33-32 32v32h96c33.21 0 60.59 25.42 63.71 57.82l.29-.22V416h192c17.67 0 32-14.33 32-32V192c0-17.67-14.33-32-32-32zm-32 128h-64v-64h64v64zm-352-96c0-35.29 28.71-64 64-64h224V32c0-17.67-14.33-32-32-32H96C78.33 0 64 14.33 64 32v192h96v-32z\"><\/path><\/svg>\t\t\t\t<\/span>\n\t\t\t<\/div>\n\t\t\t\n\t\t\t\t\t\t<div class=\"elementor-icon-box-content\">\n\n\t\t\t\t\t\t\t\t\t<div class=\"elementor-icon-box-title\">\n\t\t\t\t\t\t<span  >\n\t\t\t\t\t\t\tcontact@apparts-bleu-soleil-rochefort.fr\t\t\t\t\t\t<\/span>\n\t\t\t\t\t<\/div>\n\t\t\t\t\n\t\t\t\t\n\t\t\t<\/div>\n\t\t\t\n\t\t<\/div>\n\t\t\t\t\t\t<\/div>\n\t\t\t\t<div class=\"elementor-element elementor-element-c9d8dfa elementor-view-default elementor-position-block-start elementor-mobile-position-block-start elementor-widget elementor-widget-icon-box\" data-id=\"c9d8dfa\" data-element_type=\"widget\" data-e-type=\"widget\" data-widget_type=\"icon-box.default\">\n\t\t\t\t\t\t\t<div class=\"elementor-icon-box-wrapper\">\n\n\t\t\t\t\t\t<div class=\"elementor-icon-box-icon\">\n\t\t\t\t<span  class=\"elementor-icon\">\n\t\t\t\t<svg aria-hidden=\"true\" class=\"e-font-icon-svg e-fas-home\" viewbox=\"0 0 576 512\" xmlns=\"http:\/\/www.w3.org\/2000\/svg\"><path d=\"M280.37 148.26L96 300.11V464a16 16 0 0 0 16 16l112.06-.29a16 16 0 0 0 15.92-16V368a16 16 0 0 1 16-16h64a16 16 0 0 1 16 16v95.64a16 16 0 0 0 16 16.05L464 480a16 16 0 0 0 16-16V300L295.67 148.26a12.19 12.19 0 0 0-15.3 0zM571.6 251.47L488 182.56V44.05a12 12 0 0 0-12-12h-56a12 12 0 0 0-12 12v72.61L318.47 43a48 48 0 0 0-61 0L4.34 251.47a12 12 0 0 0-1.6 16.9l25.5 31A12 12 0 0 0 45.15 301l235.22-193.74a12.19 12.19 0 0 1 15.3 0L530.9 301a12 12 0 0 0 16.9-1.6l25.5-31a12 12 0 0 0-1.7-16.93z\"><\/path><\/svg>\t\t\t\t<\/span>\n\t\t\t<\/div>\n\t\t\t\n\t\t\t\t\t\t<div class=\"elementor-icon-box-content\">\n\n\t\t\t\t\t\t\t\t\t<div class=\"elementor-icon-box-title\">\n\t\t\t\t\t\t<span  >\n\t\t\t\t\t\t\t+33 6 24 52 48 06\t\t\t\t\t\t<\/span>\n\t\t\t\t\t<\/div>\n\t\t\t\t\n\t\t\t\t\n\t\t\t<\/div>\n\t\t\t\n\t\t<\/div>\n\t\t\t\t\t\t<\/div>\n\t\t\t\t<\/div>\n\t\t\t\t<div class=\"elementor-element elementor-element-246cb43 elementor-widget elementor-widget-heading\" data-id=\"246cb43\" data-element_type=\"widget\" data-e-type=\"widget\" data-widget_type=\"heading.default\">\n\t\t\t\t\t<h2 class=\"elementor-heading-title elementor-size-default\">Apparts Bleu Soleil Rochefort<\/h2>\t\t\t\t<\/div>\n\t\t\t\t<div class=\"elementor-element elementor-element-8acce8c elementor-widget elementor-widget-heading\" data-id=\"8acce8c\" data-element_type=\"widget\" data-e-type=\"widget\" data-widget_type=\"heading.default\">\n\t\t\t\t\t<h1 class=\"elementor-heading-title elementor-size-default\">Book your 3\u2b50\ufe0e stay online<\/h1>\t\t\t\t<\/div>\n\t\t\t\t\t<\/div>\n\t\t\t\t<\/div>\n\t\t<div class=\"elementor-element elementor-element-9dbc8fa e-flex e-con-boxed wpr-particle-no wpr-jarallax-no wpr-parallax-no wpr-sticky-section-no wpr-column-slider-no wpr-equal-height-no e-con e-parent\" data-id=\"9dbc8fa\" data-element_type=\"container\" data-e-type=\"container\" data-settings=\"{&quot;background_background&quot;:&quot;classic&quot;}\">\n\t\t\t\t\t<div class=\"e-con-inner\">\n\t\t\t\t<div class=\"elementor-element elementor-element-4d8b82d elementor-widget elementor-widget-html\" data-id=\"4d8b82d\" data-element_type=\"widget\" data-e-type=\"widget\" data-widget_type=\"html.default\">\n\t\t\t\t\t<iframe id=\"bookingengine\" style=\"display: block;\" src=\"\" width=\"100%\" height=\"5500\" frameborder=\"0\" scrolling=\"no\" allowfullscreen=\"allowfullscreen\"><\/iframe>\n<script>\nvar webKey = \"Y1U21VYoFqemriBwW4MKKWzZl\";\nvar url = new URL(window.location.href);\nvar appart = url.searchParams.get(\"appart\");\nvar checkin = url.searchParams.get(\"checkin\");\nvar checkout = url.searchParams.get(\"checkout\");\nvar adults = url.searchParams.get(\"adults\");\nvar children = url.searchParams.get(\"children\");\nvar lang = url.searchParams.get(\"lang\");\nif(lang == null)\n    lang = \"fr\";\nif(appart == null) {\nvar iframeUrl = \"https:\/\/app.superhote.com\/#\/get-available-rentals\/\"+webKey+\"?startDate=\" + checkin + \"&endDate=\" + checkout + \"&adultsNumber=\" + adults + \"&childrenNumber=\" + children + \"&lang=\" + lang;\nif(checkin == null) iframeUrl = \"https:\/\/app.superhote.com\/#\/get-available-rentals\/\" + webKey + \"?lang=\" + lang;\ndocument.getElementById('bookingengine').src = iframeUrl;\n} else {\nvar iframeUrl = \"https:\/\/app.superhote.com\/#\/rental\/\" + appart + \"?lang=\" + lang;\ndocument.getElementById('bookingengine').src = iframeUrl;\n} <\/script>\t\t\t\t<\/div>\n\t\t\t\t\t<\/div>\n\t\t\t\t<\/div>\n\t\t\t\t<\/div>","protected":false},"excerpt":{"rendered":"<p>contact@apparts-bleu-soleil-rochefort.fr +33 6 24 52 48 06 Apparts Bleu Soleil Rochefort R\u00e9servez votre s\u00e9jour 3 \u2606 en ligne<\/p>","protected":false},"author":1,"featured_media":0,"parent":0,"menu_order":0,"comment_status":"closed","ping_status":"closed","template":"elementor_header_footer","meta":{"_kad_post_transparent":"","_kad_post_title":"","_kad_post_layout":"","_kad_post_sidebar_id":"","_kad_post_content_style":"","_kad_post_vertical_padding":"","_kad_post_feature":"","_kad_post_feature_position":"","_kad_post_header":false,"_kad_post_footer":false,"_kad_post_classname":"","footnotes":""},"class_list":["post-11041","page","type-page","status-publish","hentry"],"yoast_head":"<!-- This site is optimized with the Yoast SEO plugin v27.6 - https:\/\/yoast.com\/product\/yoast-seo-wordpress\/ -->\n<title>R\u00e9server - Les Apparts Bleu Soleil Rochefort<\/title>\n<meta name=\"description\" content=\"R\u00e9servez votre s\u00e9jour \u00e0 Rochefort dans nos studios de standing Bleu Soleil en direct et sans interm\u00e9diaire : meilleur prix garanti\" \/>\n<meta name=\"robots\" content=\"index, follow, max-snippet:-1, max-image-preview:large, max-video-preview:-1\" \/>\n<link rel=\"canonical\" href=\"https:\/\/apparts-bleu-soleil-rochefort.fr\/en\/reserver\/\" \/>\n<meta property=\"og:locale\" content=\"en_US\" \/>\n<meta property=\"og:type\" content=\"article\" \/>\n<meta property=\"og:title\" content=\"R\u00e9server - Les Apparts Bleu Soleil Rochefort\" \/>\n<meta property=\"og:description\" content=\"R\u00e9servez votre s\u00e9jour \u00e0 Rochefort dans nos studios de standing Bleu Soleil en direct et sans interm\u00e9diaire : meilleur prix garanti\" \/>\n<meta property=\"og:url\" content=\"https:\/\/apparts-bleu-soleil-rochefort.fr\/en\/reserver\/\" \/>\n<meta property=\"og:site_name\" content=\"Les Apparts Bleu Soleil Rochefort\" \/>\n<meta property=\"article:publisher\" content=\"https:\/\/www.facebook.com\/Apparts.Bleu.Soleil.Rochefort\" \/>\n<meta property=\"article:modified_time\" content=\"2024-05-16T07:28:38+00:00\" \/>\n<meta property=\"og:image\" content=\"https:\/\/apparts-bleu-soleil-rochefort.fr\/wp-content\/uploads\/2021\/06\/Studio-bleu-soleil-rochefort.jpeg\" \/>\n\t<meta property=\"og:image:width\" content=\"2000\" \/>\n\t<meta property=\"og:image:height\" content=\"1500\" \/>\n\t<meta property=\"og:image:type\" content=\"image\/jpeg\" \/>\n<meta name=\"twitter:card\" content=\"summary_large_image\" \/>\n<meta name=\"twitter:label1\" content=\"Est. reading time\" \/>\n\t<meta name=\"twitter:data1\" content=\"1 minute\" \/>\n<script type=\"application\/ld+json\" class=\"yoast-schema-graph\">{\"@context\":\"https:\\\/\\\/schema.org\",\"@graph\":[{\"@type\":\"WebPage\",\"@id\":\"https:\\\/\\\/apparts-bleu-soleil-rochefort.fr\\\/reserver\\\/\",\"url\":\"https:\\\/\\\/apparts-bleu-soleil-rochefort.fr\\\/reserver\\\/\",\"name\":\"R\u00e9server - Les Apparts Bleu Soleil Rochefort\",\"isPartOf\":{\"@id\":\"https:\\\/\\\/apparts-bleu-soleil-rochefort.fr\\\/#website\"},\"datePublished\":\"2024-05-15T09:11:12+00:00\",\"dateModified\":\"2024-05-16T07:28:38+00:00\",\"description\":\"R\u00e9servez votre s\u00e9jour \u00e0 Rochefort dans nos studios de standing Bleu Soleil en direct et sans interm\u00e9diaire : meilleur prix garanti\",\"breadcrumb\":{\"@id\":\"https:\\\/\\\/apparts-bleu-soleil-rochefort.fr\\\/reserver\\\/#breadcrumb\"},\"inLanguage\":\"en-US\",\"potentialAction\":[{\"@type\":\"ReadAction\",\"target\":[\"https:\\\/\\\/apparts-bleu-soleil-rochefort.fr\\\/reserver\\\/\"]}]},{\"@type\":\"BreadcrumbList\",\"@id\":\"https:\\\/\\\/apparts-bleu-soleil-rochefort.fr\\\/reserver\\\/#breadcrumb\",\"itemListElement\":[{\"@type\":\"ListItem\",\"position\":1,\"name\":\"Accueil\",\"item\":\"https:\\\/\\\/apparts-bleu-soleil-rochefort.fr\\\/\"},{\"@type\":\"ListItem\",\"position\":2,\"name\":\"R\u00e9server\"}]},{\"@type\":\"WebSite\",\"@id\":\"https:\\\/\\\/apparts-bleu-soleil-rochefort.fr\\\/#website\",\"url\":\"https:\\\/\\\/apparts-bleu-soleil-rochefort.fr\\\/\",\"name\":\"Les Apparts Bleu Soleil Rochefort\",\"description\":\"Location de studios de vacances \u00e0 Rochefort\",\"publisher\":{\"@id\":\"https:\\\/\\\/apparts-bleu-soleil-rochefort.fr\\\/#organization\"},\"alternateName\":\"Bleu Soleil Rochefort\",\"potentialAction\":[{\"@type\":\"SearchAction\",\"target\":{\"@type\":\"EntryPoint\",\"urlTemplate\":\"https:\\\/\\\/apparts-bleu-soleil-rochefort.fr\\\/?s={search_term_string}\"},\"query-input\":{\"@type\":\"PropertyValueSpecification\",\"valueRequired\":true,\"valueName\":\"search_term_string\"}}],\"inLanguage\":\"en-US\"},{\"@type\":\"Organization\",\"@id\":\"https:\\\/\\\/apparts-bleu-soleil-rochefort.fr\\\/#organization\",\"name\":\"Bleu Soleil les Apparts\",\"url\":\"https:\\\/\\\/apparts-bleu-soleil-rochefort.fr\\\/\",\"logo\":{\"@type\":\"ImageObject\",\"inLanguage\":\"en-US\",\"@id\":\"https:\\\/\\\/apparts-bleu-soleil-rochefort.fr\\\/#\\\/schema\\\/logo\\\/image\\\/\",\"url\":\"https:\\\/\\\/apparts-bleu-soleil-rochefort.fr\\\/wp-content\\\/uploads\\\/2020\\\/04\\\/Logo.png\",\"contentUrl\":\"https:\\\/\\\/apparts-bleu-soleil-rochefort.fr\\\/wp-content\\\/uploads\\\/2020\\\/04\\\/Logo.png\",\"width\":875,\"height\":377,\"caption\":\"Bleu Soleil les Apparts\"},\"image\":{\"@id\":\"https:\\\/\\\/apparts-bleu-soleil-rochefort.fr\\\/#\\\/schema\\\/logo\\\/image\\\/\"},\"sameAs\":[\"https:\\\/\\\/www.facebook.com\\\/Apparts.Bleu.Soleil.Rochefort\"]}]}<\/script>\n<!-- \/ Yoast SEO plugin. -->","yoast_head_json":{"title":"R\u00e9server - Les Apparts Bleu Soleil Rochefort","description":"R\u00e9servez votre s\u00e9jour \u00e0 Rochefort dans nos studios de standing Bleu Soleil en direct et sans interm\u00e9diaire : meilleur prix garanti","robots":{"index":"index","follow":"follow","max-snippet":"max-snippet:-1","max-image-preview":"max-image-preview:large","max-video-preview":"max-video-preview:-1"},"canonical":"https:\/\/apparts-bleu-soleil-rochefort.fr\/en\/reserver\/","og_locale":"en_US","og_type":"article","og_title":"R\u00e9server - Les Apparts Bleu Soleil Rochefort","og_description":"R\u00e9servez votre s\u00e9jour \u00e0 Rochefort dans nos studios de standing Bleu Soleil en direct et sans interm\u00e9diaire : meilleur prix garanti","og_url":"https:\/\/apparts-bleu-soleil-rochefort.fr\/en\/reserver\/","og_site_name":"Les Apparts Bleu Soleil Rochefort","article_publisher":"https:\/\/www.facebook.com\/Apparts.Bleu.Soleil.Rochefort","article_modified_time":"2024-05-16T07:28:38+00:00","og_image":[{"width":2000,"height":1500,"url":"https:\/\/apparts-bleu-soleil-rochefort.fr\/wp-content\/uploads\/2021\/06\/Studio-bleu-soleil-rochefort.jpeg","type":"image\/jpeg"}],"twitter_card":"summary_large_image","twitter_misc":{"Est. reading time":"1 minute"},"schema":{"@context":"https:\/\/schema.org","@graph":[{"@type":"WebPage","@id":"https:\/\/apparts-bleu-soleil-rochefort.fr\/reserver\/","url":"https:\/\/apparts-bleu-soleil-rochefort.fr\/reserver\/","name":"R\u00e9server - Les Apparts Bleu Soleil Rochefort","isPartOf":{"@id":"https:\/\/apparts-bleu-soleil-rochefort.fr\/#website"},"datePublished":"2024-05-15T09:11:12+00:00","dateModified":"2024-05-16T07:28:38+00:00","description":"R\u00e9servez votre s\u00e9jour \u00e0 Rochefort dans nos studios de standing Bleu Soleil en direct et sans interm\u00e9diaire : meilleur prix garanti","breadcrumb":{"@id":"https:\/\/apparts-bleu-soleil-rochefort.fr\/reserver\/#breadcrumb"},"inLanguage":"en-US","potentialAction":[{"@type":"ReadAction","target":["https:\/\/apparts-bleu-soleil-rochefort.fr\/reserver\/"]}]},{"@type":"BreadcrumbList","@id":"https:\/\/apparts-bleu-soleil-rochefort.fr\/reserver\/#breadcrumb","itemListElement":[{"@type":"ListItem","position":1,"name":"Accueil","item":"https:\/\/apparts-bleu-soleil-rochefort.fr\/"},{"@type":"ListItem","position":2,"name":"R\u00e9server"}]},{"@type":"WebSite","@id":"https:\/\/apparts-bleu-soleil-rochefort.fr\/#website","url":"https:\/\/apparts-bleu-soleil-rochefort.fr\/","name":"Les Apparts Bleu Soleil Rochefort","description":"Location de studios de vacances \u00e0 Rochefort","publisher":{"@id":"https:\/\/apparts-bleu-soleil-rochefort.fr\/#organization"},"alternateName":"Bleu Soleil Rochefort","potentialAction":[{"@type":"SearchAction","target":{"@type":"EntryPoint","urlTemplate":"https:\/\/apparts-bleu-soleil-rochefort.fr\/?s={search_term_string}"},"query-input":{"@type":"PropertyValueSpecification","valueRequired":true,"valueName":"search_term_string"}}],"inLanguage":"en-US"},{"@type":"Organization","@id":"https:\/\/apparts-bleu-soleil-rochefort.fr\/#organization","name":"Bleu Soleil les Apparts","url":"https:\/\/apparts-bleu-soleil-rochefort.fr\/","logo":{"@type":"ImageObject","inLanguage":"en-US","@id":"https:\/\/apparts-bleu-soleil-rochefort.fr\/#\/schema\/logo\/image\/","url":"https:\/\/apparts-bleu-soleil-rochefort.fr\/wp-content\/uploads\/2020\/04\/Logo.png","contentUrl":"https:\/\/apparts-bleu-soleil-rochefort.fr\/wp-content\/uploads\/2020\/04\/Logo.png","width":875,"height":377,"caption":"Bleu Soleil les Apparts"},"image":{"@id":"https:\/\/apparts-bleu-soleil-rochefort.fr\/#\/schema\/logo\/image\/"},"sameAs":["https:\/\/www.facebook.com\/Apparts.Bleu.Soleil.Rochefort"]}]}},"_links":{"self":[{"href":"https:\/\/apparts-bleu-soleil-rochefort.fr\/en\/wp-json\/wp\/v2\/pages\/11041","targetHints":{"allow":["GET"]}}],"collection":[{"href":"https:\/\/apparts-bleu-soleil-rochefort.fr\/en\/wp-json\/wp\/v2\/pages"}],"about":[{"href":"https:\/\/apparts-bleu-soleil-rochefort.fr\/en\/wp-json\/wp\/v2\/types\/page"}],"author":[{"embeddable":true,"href":"https:\/\/apparts-bleu-soleil-rochefort.fr\/en\/wp-json\/wp\/v2\/users\/1"}],"replies":[{"embeddable":true,"href":"https:\/\/apparts-bleu-soleil-rochefort.fr\/en\/wp-json\/wp\/v2\/comments?post=11041"}],"version-history":[{"count":11,"href":"https:\/\/apparts-bleu-soleil-rochefort.fr\/en\/wp-json\/wp\/v2\/pages\/11041\/revisions"}],"predecessor-version":[{"id":11079,"href":"https:\/\/apparts-bleu-soleil-rochefort.fr\/en\/wp-json\/wp\/v2\/pages\/11041\/revisions\/11079"}],"wp:attachment":[{"href":"https:\/\/apparts-bleu-soleil-rochefort.fr\/en\/wp-json\/wp\/v2\/media?parent=11041"}],"curies":[{"name":"wp","href":"https:\/\/api.w.org\/{rel}","templated":true}]}}