{"id":11011,"date":"2024-05-14T12:01:33","date_gmt":"2024-05-14T10:01:33","guid":{"rendered":"https:\/\/apparts-bleu-soleil-rochefort.fr\/?page_id=11011"},"modified":"2024-05-14T12:08:18","modified_gmt":"2024-05-14T10:08:18","slug":"politique-de-confidentialite","status":"publish","type":"page","link":"https:\/\/apparts-bleu-soleil-rochefort.fr\/en\/politique-de-confidentialite\/","title":{"rendered":"Politique de Confidentialit\u00e9"},"content":{"rendered":"\t\t<div data-elementor-type=\"wp-page\" data-elementor-id=\"11011\" class=\"elementor elementor-11011\" data-elementor-post-type=\"page\">\n\t\t\t\t\t\t<section class=\"elementor-section elementor-top-section elementor-element elementor-element-b320d91 elementor-section-height-min-height elementor-section-boxed elementor-section-height-default elementor-section-items-middle wpr-particle-no wpr-jarallax-no wpr-parallax-no wpr-sticky-section-no wpr-column-slider-no wpr-equal-height-no\" data-id=\"b320d91\" data-element_type=\"section\" data-e-type=\"section\" data-settings=\"{&quot;background_background&quot;:&quot;classic&quot;}\">\n\t\t\t\t\t\t\t<div class=\"elementor-background-overlay\"><\/div>\n\t\t\t\t\t\t\t<div class=\"elementor-container elementor-column-gap-default\">\n\t\t\t\t\t<div class=\"elementor-column elementor-col-100 elementor-top-column elementor-element elementor-element-1b8a481\" data-id=\"1b8a481\" data-element_type=\"column\" data-e-type=\"column\">\n\t\t\t<div class=\"elementor-widget-wrap elementor-element-populated\">\n\t\t\t\t\t\t<div class=\"elementor-element elementor-element-a86c600 elementor-widget elementor-widget-heading\" data-id=\"a86c600\" data-element_type=\"widget\" data-e-type=\"widget\" data-widget_type=\"heading.default\">\n\t\t\t\t\t<h2 class=\"elementor-heading-title elementor-size-default\">Bleu Soleil Les Apparts Rochefort<\/h2>\t\t\t\t<\/div>\n\t\t\t\t<div class=\"elementor-element elementor-element-d7af1ec elementor-widget elementor-widget-heading\" data-id=\"d7af1ec\" data-element_type=\"widget\" data-e-type=\"widget\" data-widget_type=\"heading.default\">\n\t\t\t\t\t<h1 class=\"elementor-heading-title elementor-size-default\">Politique de Confidentialit\u00e9 et de Cookies<\/h1>\t\t\t\t<\/div>\n\t\t\t\t<section class=\"elementor-section elementor-inner-section elementor-element elementor-element-3f873e6 elementor-section-content-middle elementor-section-boxed elementor-section-height-default elementor-section-height-default wpr-particle-no wpr-jarallax-no wpr-parallax-no wpr-sticky-section-no wpr-column-slider-no wpr-equal-height-no elementor-invisible\" data-id=\"3f873e6\" data-element_type=\"section\" data-e-type=\"section\" data-settings=\"{&quot;background_background&quot;:&quot;classic&quot;,&quot;animation&quot;:&quot;slideInLeft&quot;}\">\n\t\t\t\t\t\t<div class=\"elementor-container elementor-column-gap-default\">\n\t\t\t\t\t<div class=\"elementor-column elementor-col-50 elementor-inner-column elementor-element elementor-element-fff41df\" data-id=\"fff41df\" data-element_type=\"column\" data-e-type=\"column\" data-settings=\"{&quot;background_background&quot;:&quot;classic&quot;}\">\n\t\t\t<div class=\"elementor-widget-wrap elementor-element-populated\">\n\t\t\t\t\t\t<div class=\"elementor-element elementor-element-402104f elementor-view-default elementor-position-block-start elementor-mobile-position-block-start elementor-widget elementor-widget-icon-box\" data-id=\"402104f\" data-element_type=\"widget\" data-e-type=\"widget\" data-widget_type=\"icon-box.default\">\n\t\t\t\t\t\t\t<div class=\"elementor-icon-box-wrapper\">\n\n\t\t\t\t\t\t<div class=\"elementor-icon-box-icon\">\n\t\t\t\t<span  class=\"elementor-icon\">\n\t\t\t\t<svg aria-hidden=\"true\" class=\"e-font-icon-svg e-far-envelope\" viewBox=\"0 0 512 512\" xmlns=\"http:\/\/www.w3.org\/2000\/svg\"><path d=\"M464 64H48C21.49 64 0 85.49 0 112v288c0 26.51 21.49 48 48 48h416c26.51 0 48-21.49 48-48V112c0-26.51-21.49-48-48-48zm0 48v40.805c-22.422 18.259-58.168 46.651-134.587 106.49-16.841 13.247-50.201 45.072-73.413 44.701-23.208.375-56.579-31.459-73.413-44.701C106.18 199.465 70.425 171.067 48 152.805V112h416zM48 400V214.398c22.914 18.251 55.409 43.862 104.938 82.646 21.857 17.205 60.134 55.186 103.062 54.955 42.717.231 80.509-37.199 103.053-54.947 49.528-38.783 82.032-64.401 104.947-82.653V400H48z\"><\/path><\/svg>\t\t\t\t<\/span>\n\t\t\t<\/div>\n\t\t\t\n\t\t\t\t\t\t<div class=\"elementor-icon-box-content\">\n\n\t\t\t\t\t\t\t\t\t<h3 class=\"elementor-icon-box-title\">\n\t\t\t\t\t\t<span  >\n\t\t\t\t\t\t\tcontact@apparts-bleu-soleil-rochefort.fr\t\t\t\t\t\t<\/span>\n\t\t\t\t\t<\/h3>\n\t\t\t\t\n\t\t\t\t\n\t\t\t<\/div>\n\t\t\t\n\t\t<\/div>\n\t\t\t\t\t\t<\/div>\n\t\t\t\t\t<\/div>\n\t\t<\/div>\n\t\t\t\t<div class=\"elementor-column elementor-col-50 elementor-inner-column elementor-element elementor-element-09b59ed\" data-id=\"09b59ed\" data-element_type=\"column\" data-e-type=\"column\" data-settings=\"{&quot;background_background&quot;:&quot;classic&quot;}\">\n\t\t\t<div class=\"elementor-widget-wrap elementor-element-populated\">\n\t\t\t\t\t\t<div class=\"elementor-element elementor-element-ca2ca6b elementor-view-default elementor-position-block-start elementor-mobile-position-block-start elementor-widget elementor-widget-icon-box\" data-id=\"ca2ca6b\" data-element_type=\"widget\" data-e-type=\"widget\" data-widget_type=\"icon-box.default\">\n\t\t\t\t\t\t\t<div class=\"elementor-icon-box-wrapper\">\n\n\t\t\t\t\t\t<div class=\"elementor-icon-box-icon\">\n\t\t\t\t<span  class=\"elementor-icon\">\n\t\t\t\t<svg aria-hidden=\"true\" class=\"e-font-icon-svg e-fas-phone\" viewBox=\"0 0 512 512\" xmlns=\"http:\/\/www.w3.org\/2000\/svg\"><path d=\"M493.4 24.6l-104-24c-11.3-2.6-22.9 3.3-27.5 13.9l-48 112c-4.2 9.8-1.4 21.3 6.9 28l60.6 49.6c-36 76.7-98.9 140.5-177.2 177.2l-49.6-60.6c-6.8-8.3-18.2-11.1-28-6.9l-112 48C3.9 366.5-2 378.1.6 389.4l24 104C27.1 504.2 36.7 512 48 512c256.1 0 464-207.5 464-464 0-11.2-7.7-20.9-18.6-23.4z\"><\/path><\/svg>\t\t\t\t<\/span>\n\t\t\t<\/div>\n\t\t\t\n\t\t\t\t\t\t<div class=\"elementor-icon-box-content\">\n\n\t\t\t\t\t\t\t\t\t<h3 class=\"elementor-icon-box-title\">\n\t\t\t\t\t\t<span  >\n\t\t\t\t\t\t\t06 24 52 48 06\t\t\t\t\t\t<\/span>\n\t\t\t\t\t<\/h3>\n\t\t\t\t\n\t\t\t\t\n\t\t\t<\/div>\n\t\t\t\n\t\t<\/div>\n\t\t\t\t\t\t<\/div>\n\t\t\t\t\t<\/div>\n\t\t<\/div>\n\t\t\t\t\t<\/div>\n\t\t<\/section>\n\t\t\t\t\t<\/div>\n\t\t<\/div>\n\t\t\t\t\t<\/div>\n\t\t<\/section>\n\t\t<div class=\"elementor-element elementor-element-85aa70b e-flex e-con-boxed wpr-particle-no wpr-jarallax-no wpr-parallax-no wpr-sticky-section-no wpr-column-slider-no wpr-equal-height-no e-con e-parent\" data-id=\"85aa70b\" data-element_type=\"container\" data-e-type=\"container\">\n\t\t\t\t\t<div class=\"e-con-inner\">\n\t\t\t\t<div class=\"elementor-element elementor-element-08f85f9 elementor-widget elementor-widget-heading\" data-id=\"08f85f9\" data-element_type=\"widget\" data-e-type=\"widget\" data-widget_type=\"heading.default\">\n\t\t\t\t\t<h2 class=\"elementor-heading-title elementor-size-default\">Politique de Confidentialit\u00e9 et de Cookies<\/h2>\t\t\t\t<\/div>\n\t\t\t\t<div class=\"elementor-element elementor-element-0b732ba elementor-widget elementor-widget-html\" data-id=\"0b732ba\" data-element_type=\"widget\" data-e-type=\"widget\" data-widget_type=\"html.default\">\n\t\t\t\t\t<a href=\"https:\/\/www.iubenda.com\/privacy-policy\/42327446\" class=\"iubenda-white iubenda-noiframe iubenda-embed iubenda-noiframe \" title=\"Politique de confidentialit\u00e9 \">Politique de confidentialit\u00e9<\/a><script type=\"text\/javascript\">(function (w,d) {var loader = function () {var s = d.createElement(\"script\"), tag = d.getElementsByTagName(\"script\")[0]; s.src=\"https:\/\/cdn.iubenda.com\/iubenda.js\"; tag.parentNode.insertBefore(s,tag);}; if(w.addEventListener){w.addEventListener(\"load\", loader, false);}else if(w.attachEvent){w.attachEvent(\"onload\", loader);}else{w.onload = loader;}})(window, document);<\/script>\t\t\t\t<\/div>\n\t\t\t\t<div class=\"elementor-element elementor-element-dffd4b7 elementor-widget elementor-widget-html\" data-id=\"dffd4b7\" data-element_type=\"widget\" data-e-type=\"widget\" data-widget_type=\"html.default\">\n\t\t\t\t\t<a href=\"https:\/\/www.iubenda.com\/privacy-policy\/42327446\/cookie-policy\" class=\"iubenda-white iubenda-noiframe iubenda-embed iubenda-noiframe \" title=\"Politique relative aux Cookies \">Politique relative aux Cookies<\/a><script type=\"text\/javascript\">(function (w,d) {var loader = function () {var s = d.createElement(\"script\"), tag = d.getElementsByTagName(\"script\")[0]; s.src=\"https:\/\/cdn.iubenda.com\/iubenda.js\"; tag.parentNode.insertBefore(s,tag);}; if(w.addEventListener){w.addEventListener(\"load\", loader, false);}else if(w.attachEvent){w.attachEvent(\"onload\", loader);}else{w.onload = loader;}})(window, document);<\/script>\t\t\t\t<\/div>\n\t\t\t\t\t<\/div>\n\t\t\t\t<\/div>\n\t\t\t\t<\/div>\n\t\t","protected":false},"excerpt":{"rendered":"<p>Bleu Soleil Les Apparts Rochefort Politique de Confidentialit\u00e9 et de Cookies contact@apparts-bleu-soleil-rochefort.fr 06 24 52 48 06 Politique de Confidentialit\u00e9 et de Cookies Politique de confidentialit\u00e9 Politique relative aux Cookies<\/p>","protected":false},"author":1,"featured_media":0,"parent":0,"menu_order":0,"comment_status":"closed","ping_status":"closed","template":"elementor_header_footer","meta":{"_kad_post_transparent":"","_kad_post_title":"","_kad_post_layout":"","_kad_post_sidebar_id":"","_kad_post_content_style":"","_kad_post_vertical_padding":"","_kad_post_feature":"","_kad_post_feature_position":"","_kad_post_header":false,"_kad_post_footer":false,"_kad_post_classname":"","footnotes":""},"class_list":["post-11011","page","type-page","status-publish","hentry"],"yoast_head":"<!-- This site is optimized with the Yoast SEO plugin v27.6 - https:\/\/yoast.com\/product\/yoast-seo-wordpress\/ -->\n<title>Politique de Confidentialit\u00e9 - Les Apparts Bleu Soleil Rochefort<\/title>\n<meta name=\"description\" content=\"Politique de confidentialit\u00e9 et de cookies de la r\u00e9sidence de vacances Bleu Soleil Rochefort\" \/>\n<meta name=\"robots\" content=\"noindex, nofollow\" \/>\n<meta property=\"og:locale\" content=\"en_US\" \/>\n<meta property=\"og:type\" content=\"article\" \/>\n<meta property=\"og:title\" content=\"Politique de Confidentialit\u00e9 - Les Apparts Bleu Soleil Rochefort\" \/>\n<meta property=\"og:description\" content=\"Politique de confidentialit\u00e9 et de cookies de la r\u00e9sidence de vacances Bleu Soleil Rochefort\" \/>\n<meta property=\"og:url\" content=\"https:\/\/apparts-bleu-soleil-rochefort.fr\/en\/politique-de-confidentialite\/\" \/>\n<meta property=\"og:site_name\" content=\"Les Apparts Bleu Soleil Rochefort\" \/>\n<meta property=\"article:publisher\" content=\"https:\/\/www.facebook.com\/Apparts.Bleu.Soleil.Rochefort\" \/>\n<meta property=\"article:modified_time\" content=\"2024-05-14T10:08:18+00:00\" \/>\n<meta property=\"og:image\" content=\"https:\/\/apparts-bleu-soleil-rochefort.fr\/wp-content\/uploads\/2021\/06\/Studio-bleu-soleil-rochefort.jpeg\" \/>\n\t<meta property=\"og:image:width\" content=\"2000\" \/>\n\t<meta property=\"og:image:height\" content=\"1500\" \/>\n\t<meta property=\"og:image:type\" content=\"image\/jpeg\" \/>\n<meta name=\"twitter:card\" content=\"summary_large_image\" \/>\n<meta name=\"twitter:label1\" content=\"Est. reading time\" \/>\n\t<meta name=\"twitter:data1\" content=\"1 minute\" \/>\n<script type=\"application\/ld+json\" class=\"yoast-schema-graph\">{\"@context\":\"https:\\\/\\\/schema.org\",\"@graph\":[{\"@type\":\"WebPage\",\"@id\":\"https:\\\/\\\/apparts-bleu-soleil-rochefort.fr\\\/politique-de-confidentialite\\\/\",\"url\":\"https:\\\/\\\/apparts-bleu-soleil-rochefort.fr\\\/politique-de-confidentialite\\\/\",\"name\":\"Politique de Confidentialit\u00e9 - Les Apparts Bleu Soleil Rochefort\",\"isPartOf\":{\"@id\":\"https:\\\/\\\/apparts-bleu-soleil-rochefort.fr\\\/#website\"},\"datePublished\":\"2024-05-14T10:01:33+00:00\",\"dateModified\":\"2024-05-14T10:08:18+00:00\",\"description\":\"Politique de confidentialit\u00e9 et de cookies de la r\u00e9sidence de vacances Bleu Soleil Rochefort\",\"breadcrumb\":{\"@id\":\"https:\\\/\\\/apparts-bleu-soleil-rochefort.fr\\\/politique-de-confidentialite\\\/#breadcrumb\"},\"inLanguage\":\"en-US\",\"potentialAction\":[{\"@type\":\"ReadAction\",\"target\":[\"https:\\\/\\\/apparts-bleu-soleil-rochefort.fr\\\/politique-de-confidentialite\\\/\"]}]},{\"@type\":\"BreadcrumbList\",\"@id\":\"https:\\\/\\\/apparts-bleu-soleil-rochefort.fr\\\/politique-de-confidentialite\\\/#breadcrumb\",\"itemListElement\":[{\"@type\":\"ListItem\",\"position\":1,\"name\":\"Accueil\",\"item\":\"https:\\\/\\\/apparts-bleu-soleil-rochefort.fr\\\/\"},{\"@type\":\"ListItem\",\"position\":2,\"name\":\"Politique de Confidentialit\u00e9\"}]},{\"@type\":\"WebSite\",\"@id\":\"https:\\\/\\\/apparts-bleu-soleil-rochefort.fr\\\/#website\",\"url\":\"https:\\\/\\\/apparts-bleu-soleil-rochefort.fr\\\/\",\"name\":\"Les Apparts Bleu Soleil Rochefort\",\"description\":\"Location de studios de vacances \u00e0 Rochefort\",\"publisher\":{\"@id\":\"https:\\\/\\\/apparts-bleu-soleil-rochefort.fr\\\/#organization\"},\"alternateName\":\"Bleu Soleil Rochefort\",\"potentialAction\":[{\"@type\":\"SearchAction\",\"target\":{\"@type\":\"EntryPoint\",\"urlTemplate\":\"https:\\\/\\\/apparts-bleu-soleil-rochefort.fr\\\/?s={search_term_string}\"},\"query-input\":{\"@type\":\"PropertyValueSpecification\",\"valueRequired\":true,\"valueName\":\"search_term_string\"}}],\"inLanguage\":\"en-US\"},{\"@type\":\"Organization\",\"@id\":\"https:\\\/\\\/apparts-bleu-soleil-rochefort.fr\\\/#organization\",\"name\":\"Bleu Soleil les Apparts\",\"url\":\"https:\\\/\\\/apparts-bleu-soleil-rochefort.fr\\\/\",\"logo\":{\"@type\":\"ImageObject\",\"inLanguage\":\"en-US\",\"@id\":\"https:\\\/\\\/apparts-bleu-soleil-rochefort.fr\\\/#\\\/schema\\\/logo\\\/image\\\/\",\"url\":\"https:\\\/\\\/apparts-bleu-soleil-rochefort.fr\\\/wp-content\\\/uploads\\\/2020\\\/04\\\/Logo.png\",\"contentUrl\":\"https:\\\/\\\/apparts-bleu-soleil-rochefort.fr\\\/wp-content\\\/uploads\\\/2020\\\/04\\\/Logo.png\",\"width\":875,\"height\":377,\"caption\":\"Bleu Soleil les Apparts\"},\"image\":{\"@id\":\"https:\\\/\\\/apparts-bleu-soleil-rochefort.fr\\\/#\\\/schema\\\/logo\\\/image\\\/\"},\"sameAs\":[\"https:\\\/\\\/www.facebook.com\\\/Apparts.Bleu.Soleil.Rochefort\"]}]}<\/script>\n<!-- \/ Yoast SEO plugin. -->","yoast_head_json":{"title":"Politique de Confidentialit\u00e9 - Les Apparts Bleu Soleil Rochefort","description":"Politique de confidentialit\u00e9 et de cookies de la r\u00e9sidence de vacances Bleu Soleil Rochefort","robots":{"index":"noindex","follow":"nofollow"},"og_locale":"en_US","og_type":"article","og_title":"Politique de Confidentialit\u00e9 - Les Apparts Bleu Soleil Rochefort","og_description":"Politique de confidentialit\u00e9 et de cookies de la r\u00e9sidence de vacances Bleu Soleil Rochefort","og_url":"https:\/\/apparts-bleu-soleil-rochefort.fr\/en\/politique-de-confidentialite\/","og_site_name":"Les Apparts Bleu Soleil Rochefort","article_publisher":"https:\/\/www.facebook.com\/Apparts.Bleu.Soleil.Rochefort","article_modified_time":"2024-05-14T10:08:18+00:00","og_image":[{"width":2000,"height":1500,"url":"https:\/\/apparts-bleu-soleil-rochefort.fr\/wp-content\/uploads\/2021\/06\/Studio-bleu-soleil-rochefort.jpeg","type":"image\/jpeg"}],"twitter_card":"summary_large_image","twitter_misc":{"Est. reading time":"1 minute"},"schema":{"@context":"https:\/\/schema.org","@graph":[{"@type":"WebPage","@id":"https:\/\/apparts-bleu-soleil-rochefort.fr\/politique-de-confidentialite\/","url":"https:\/\/apparts-bleu-soleil-rochefort.fr\/politique-de-confidentialite\/","name":"Politique de Confidentialit\u00e9 - Les Apparts Bleu Soleil Rochefort","isPartOf":{"@id":"https:\/\/apparts-bleu-soleil-rochefort.fr\/#website"},"datePublished":"2024-05-14T10:01:33+00:00","dateModified":"2024-05-14T10:08:18+00:00","description":"Politique de confidentialit\u00e9 et de cookies de la r\u00e9sidence de vacances Bleu Soleil Rochefort","breadcrumb":{"@id":"https:\/\/apparts-bleu-soleil-rochefort.fr\/politique-de-confidentialite\/#breadcrumb"},"inLanguage":"en-US","potentialAction":[{"@type":"ReadAction","target":["https:\/\/apparts-bleu-soleil-rochefort.fr\/politique-de-confidentialite\/"]}]},{"@type":"BreadcrumbList","@id":"https:\/\/apparts-bleu-soleil-rochefort.fr\/politique-de-confidentialite\/#breadcrumb","itemListElement":[{"@type":"ListItem","position":1,"name":"Accueil","item":"https:\/\/apparts-bleu-soleil-rochefort.fr\/"},{"@type":"ListItem","position":2,"name":"Politique de Confidentialit\u00e9"}]},{"@type":"WebSite","@id":"https:\/\/apparts-bleu-soleil-rochefort.fr\/#website","url":"https:\/\/apparts-bleu-soleil-rochefort.fr\/","name":"Les Apparts Bleu Soleil Rochefort","description":"Location de studios de vacances \u00e0 Rochefort","publisher":{"@id":"https:\/\/apparts-bleu-soleil-rochefort.fr\/#organization"},"alternateName":"Bleu Soleil Rochefort","potentialAction":[{"@type":"SearchAction","target":{"@type":"EntryPoint","urlTemplate":"https:\/\/apparts-bleu-soleil-rochefort.fr\/?s={search_term_string}"},"query-input":{"@type":"PropertyValueSpecification","valueRequired":true,"valueName":"search_term_string"}}],"inLanguage":"en-US"},{"@type":"Organization","@id":"https:\/\/apparts-bleu-soleil-rochefort.fr\/#organization","name":"Bleu Soleil les Apparts","url":"https:\/\/apparts-bleu-soleil-rochefort.fr\/","logo":{"@type":"ImageObject","inLanguage":"en-US","@id":"https:\/\/apparts-bleu-soleil-rochefort.fr\/#\/schema\/logo\/image\/","url":"https:\/\/apparts-bleu-soleil-rochefort.fr\/wp-content\/uploads\/2020\/04\/Logo.png","contentUrl":"https:\/\/apparts-bleu-soleil-rochefort.fr\/wp-content\/uploads\/2020\/04\/Logo.png","width":875,"height":377,"caption":"Bleu Soleil les Apparts"},"image":{"@id":"https:\/\/apparts-bleu-soleil-rochefort.fr\/#\/schema\/logo\/image\/"},"sameAs":["https:\/\/www.facebook.com\/Apparts.Bleu.Soleil.Rochefort"]}]}},"_links":{"self":[{"href":"https:\/\/apparts-bleu-soleil-rochefort.fr\/en\/wp-json\/wp\/v2\/pages\/11011","targetHints":{"allow":["GET"]}}],"collection":[{"href":"https:\/\/apparts-bleu-soleil-rochefort.fr\/en\/wp-json\/wp\/v2\/pages"}],"about":[{"href":"https:\/\/apparts-bleu-soleil-rochefort.fr\/en\/wp-json\/wp\/v2\/types\/page"}],"author":[{"embeddable":true,"href":"https:\/\/apparts-bleu-soleil-rochefort.fr\/en\/wp-json\/wp\/v2\/users\/1"}],"replies":[{"embeddable":true,"href":"https:\/\/apparts-bleu-soleil-rochefort.fr\/en\/wp-json\/wp\/v2\/comments?post=11011"}],"version-history":[{"count":15,"href":"https:\/\/apparts-bleu-soleil-rochefort.fr\/en\/wp-json\/wp\/v2\/pages\/11011\/revisions"}],"predecessor-version":[{"id":11031,"href":"https:\/\/apparts-bleu-soleil-rochefort.fr\/en\/wp-json\/wp\/v2\/pages\/11011\/revisions\/11031"}],"wp:attachment":[{"href":"https:\/\/apparts-bleu-soleil-rochefort.fr\/en\/wp-json\/wp\/v2\/media?parent=11011"}],"curies":[{"name":"wp","href":"https:\/\/api.w.org\/{rel}","templated":true}]}}